{"id":187,"date":"2026-03-12T16:00:58","date_gmt":"2026-03-12T15:00:58","guid":{"rendered":"https:\/\/creusot-vox.cicciu.fr\/?page_id=187"},"modified":"2026-03-12T16:00:59","modified_gmt":"2026-03-12T15:00:59","slug":"mentions-legales","status":"publish","type":"page","link":"https:\/\/creusot-vox.cicciu.fr\/index.php\/mentions-legales\/","title":{"rendered":"Mentions l\u00e9gales"},"content":{"rendered":"\n<p>Je suis l\u2019\u00e9diteur et le responsable de publication de ce site : <strong>Creusot VOX<\/strong> (anciennement Creusot News)<\/p>\n\n\n\n<p><strong>Thomas Cicci\u00f9<\/strong><br>6 rue Pierre Mend\u00e8s France<br>71200 Le Creusot<br>France<\/p>\n\n\n\n<p>Contact : creusotnews@outlook.fr<\/p>\n\n\n\n<p><strong>H\u00e9bergeur du site<\/strong><br>OVH 2 rue Kellermann 59100 Roubaix France Site : <a href=\"https:\/\/www.ovh.com\" target=\"_blank\" rel=\"noreferrer noopener\">https:\/\/www.ovh.com<\/a><\/p>\n\n\n\n<p>Ce site est un m\u00e9dia d\u2019information locale ind\u00e9pendant. Il n\u2019est pas inscrit au Registre du Commerce et des Soci\u00e9t\u00e9s, car il s\u2019agit d\u2019une activit\u00e9 non commerciale exerc\u00e9e \u00e0 titre personnel.<\/p>\n\n\n\n<p>Conform\u00e9ment \u00e0 la loi n\u00b0 2004-575 du 21 juin 2004 pour la confiance dans l\u2019\u00e9conomie num\u00e9rique, ces mentions sont mises \u00e0 disposition du public de mani\u00e8re permanente et facilement accessible.<\/p>\n\n\n\n<h2 class=\"wp-block-heading\"><strong>Droit de r\u00e9ponse<\/strong><\/h2>\n\n\n\n<p>Conform\u00e9ment \u00e0 la loi du 29 juillet 1881 sur la libert\u00e9 de la presse, toute personne physique ou morale cit\u00e9e nominativement sur ce site peut exercer son droit de r\u00e9ponse. La demande doit m\u2019\u00eatre adress\u00e9e par email ou courrier recommand\u00e9 dans les trois mois suivant la publication de l\u2019article concern\u00e9. Je m\u2019engage \u00e0 publier la r\u00e9ponse dans des conditions similaires \u00e0 l\u2019article initial, dans les trois jours suivant la r\u00e9ception (sauf dispositions contraires).<\/p>\n\n\n\n<h2 class=\"wp-block-heading\"><strong>Donn\u00e9es personnelles \u2013 RGPD<\/strong><\/h2>\n\n\n\n<p>Ce site respecte le R\u00e8glement g\u00e9n\u00e9ral sur la protection des donn\u00e9es (RGPD). Pour plus d\u2019informations sur la collecte et le traitement de vos donn\u00e9es (cookies, statistiques de visite, commentaires, etc.), consultez la page <strong><a href=\"https:\/\/creusot-vox.cicciu.fr\/index.php\/politique-de-cookies-ue\/\">Politique de confidentialit\u00e9<\/a><\/strong>.<\/p>\n\n\n\n<p>Date de derni\u00e8re mise \u00e0 jour : mars 2026<\/p>\n","protected":false},"excerpt":{"rendered":"<p>Je suis l\u2019\u00e9diteur et le responsable de publication de ce site : Creusot VOX (anciennement Creusot News) Thomas Cicci\u00f96 rue Pierre Mend\u00e8s France71200 Le CreusotFrance Contact : creusotnews@outlook.fr H\u00e9bergeur du siteOVH 2 rue Kellermann 59100 Roubaix France Site : https:\/\/www.ovh.com Ce site est un m\u00e9dia d\u2019information locale ind\u00e9pendant. Il n\u2019est pas inscrit au Registre du<\/p>\n","protected":false},"author":1,"featured_media":0,"parent":0,"menu_order":0,"comment_status":"closed","ping_status":"closed","template":"","meta":{"footnotes":""},"class_list":["post-187","page","type-page","status-publish","hentry"],"_links":{"self":[{"href":"https:\/\/creusot-vox.cicciu.fr\/index.php\/wp-json\/wp\/v2\/pages\/187","targetHints":{"allow":["GET"]}}],"collection":[{"href":"https:\/\/creusot-vox.cicciu.fr\/index.php\/wp-json\/wp\/v2\/pages"}],"about":[{"href":"https:\/\/creusot-vox.cicciu.fr\/index.php\/wp-json\/wp\/v2\/types\/page"}],"author":[{"embeddable":true,"href":"https:\/\/creusot-vox.cicciu.fr\/index.php\/wp-json\/wp\/v2\/users\/1"}],"replies":[{"embeddable":true,"href":"https:\/\/creusot-vox.cicciu.fr\/index.php\/wp-json\/wp\/v2\/comments?post=187"}],"version-history":[{"count":1,"href":"https:\/\/creusot-vox.cicciu.fr\/index.php\/wp-json\/wp\/v2\/pages\/187\/revisions"}],"predecessor-version":[{"id":188,"href":"https:\/\/creusot-vox.cicciu.fr\/index.php\/wp-json\/wp\/v2\/pages\/187\/revisions\/188"}],"wp:attachment":[{"href":"https:\/\/creusot-vox.cicciu.fr\/index.php\/wp-json\/wp\/v2\/media?parent=187"}],"curies":[{"name":"wp","href":"https:\/\/api.w.org\/{rel}","templated":true}]}}